{"id":377,"date":"2021-01-27T16:07:39","date_gmt":"2021-01-27T15:07:39","guid":{"rendered":"https:\/\/test.equo-reitsport.de\/?page_id=377"},"modified":"2021-02-12T11:33:29","modified_gmt":"2021-02-12T10:33:29","slug":"impressum","status":"publish","type":"page","link":"https:\/\/equo-reitsport.de\/en\/impressum\/","title":{"rendered":"Impressum"},"content":{"rendered":"<div data-elementor-type=\"wp-page\" data-elementor-id=\"377\" class=\"elementor elementor-377\">\n\t\t\t\t\t\t<section class=\"elementor-section elementor-top-section elementor-element elementor-element-d2a5861 elementor-section-boxed elementor-section-height-default elementor-section-height-default\" data-id=\"d2a5861\" data-element_type=\"section\" data-e-type=\"section\">\n\t\t\t\t\t\t<div class=\"elementor-container elementor-column-gap-default\">\n\t\t\t\t\t<div class=\"elementor-column elementor-col-100 elementor-top-column elementor-element elementor-element-6fff07f\" data-id=\"6fff07f\" data-element_type=\"column\" data-e-type=\"column\">\n\t\t\t<div class=\"elementor-widget-wrap elementor-element-populated\">\n\t\t\t\t\t\t<div class=\"elementor-element elementor-element-eaf098a elementor-widget elementor-widget-heading\" data-id=\"eaf098a\" data-element_type=\"widget\" data-e-type=\"widget\" data-widget_type=\"heading.default\">\n\t\t\t\t<div class=\"elementor-widget-container\">\n\t\t\t\t\t<h2 class=\"elementor-heading-title elementor-size-default\">Impressum<\/h2>\t\t\t\t<\/div>\n\t\t\t\t<\/div>\n\t\t\t\t\t<\/div>\n\t\t<\/div>\n\t\t\t\t\t<\/div>\n\t\t<\/section>\n\t\t\t\t<section class=\"elementor-section elementor-top-section elementor-element elementor-element-7e83fd3 elementor-section-boxed elementor-section-height-default elementor-section-height-default\" data-id=\"7e83fd3\" data-element_type=\"section\" data-e-type=\"section\">\n\t\t\t\t\t\t<div class=\"elementor-container elementor-column-gap-default\">\n\t\t\t\t\t<div class=\"elementor-column elementor-col-100 elementor-top-column elementor-element elementor-element-09f5157\" data-id=\"09f5157\" data-element_type=\"column\" data-e-type=\"column\">\n\t\t\t<div class=\"elementor-widget-wrap elementor-element-populated\">\n\t\t\t\t\t\t<div class=\"elementor-element elementor-element-4063f7a elementor-widget-divider--view-line_icon elementor-view-default elementor-widget-divider--element-align-center elementor-widget elementor-widget-divider\" data-id=\"4063f7a\" data-element_type=\"widget\" data-e-type=\"widget\" data-widget_type=\"divider.default\">\n\t\t\t\t<div class=\"elementor-widget-container\">\n\t\t\t\t\t\t\t<div class=\"elementor-divider\">\n\t\t\t<span class=\"elementor-divider-separator\">\n\t\t\t\t\t\t\t<div class=\"elementor-icon elementor-divider__element\">\n\t\t\t\t\t<svg xmlns=\"http:\/\/www.w3.org\/2000\/svg\" xmlns:xlink=\"http:\/\/www.w3.org\/1999\/xlink\" id=\"Capa_1\" x=\"0px\" y=\"0px\" viewbox=\"0 0 512 512\" style=\"enable-background:new 0 0 512 512;\" xml:space=\"preserve\"><g>\t<g>\t\t<path d=\"M424.365,64h12.969C443.229,64,448,59.229,448,53.333V10.667C448,4.771,443.229,0,437.333,0h-59.74    c-13.948,0-27.042,6.813-35.01,18.208c-7.958,11.396-9.844,26-5.063,39.073C354.885,104.698,384,194.948,384,266.667    c0,84.24-50.24,138.667-128,138.667s-128-54.427-128-138.667c0-71.625,29.135-161.938,46.51-209.396    c4.781-13.083,2.885-27.677-5.073-39.063C161.469,6.802,148.375,0,134.427,0h-59.76C68.771,0,64,4.771,64,10.667v42.667    C64,59.229,68.771,64,74.667,64h12.969c-28.354,49.094-66.302,137.406-66.302,224c0,133.99,121.344,224,234.667,224    s234.667-90.01,234.667-224C490.667,201.406,452.719,113.094,424.365,64z M74.667,298.667C68.776,298.667,64,293.891,64,288    c0-5.892,4.776-10.667,10.667-10.667S85.333,282.108,85.333,288C85.333,293.891,80.557,298.667,74.667,298.667z M96,170.667    c-5.891,0-10.667-4.776-10.667-10.667c0-5.892,4.776-10.667,10.667-10.667s10.667,4.775,10.667,10.667    C106.667,165.891,101.891,170.667,96,170.667z M117.333,405.333c-5.891,0-10.667-4.776-10.667-10.667    c0-5.892,4.776-10.667,10.667-10.667S128,388.775,128,394.667C128,400.557,123.224,405.333,117.333,405.333z M256,469.333    c-5.891,0-10.667-4.776-10.667-10.667c0-5.892,4.776-10.667,10.667-10.667c5.891,0,10.667,4.775,10.667,10.667    C266.667,464.557,261.891,469.333,256,469.333z M394.667,405.333c-5.891,0-10.667-4.776-10.667-10.667    c0-5.892,4.776-10.667,10.667-10.667s10.667,4.775,10.667,10.667C405.333,400.557,400.557,405.333,394.667,405.333z M416,170.667    c-5.891,0-10.667-4.776-10.667-10.667c0-5.892,4.776-10.667,10.667-10.667s10.667,4.775,10.667,10.667    C426.667,165.891,421.891,170.667,416,170.667z M437.333,298.667c-5.891,0-10.667-4.776-10.667-10.667    c0-5.892,4.776-10.667,10.667-10.667S448,282.108,448,288C448,293.891,443.224,298.667,437.333,298.667z\"><\/path>\t<\/g><\/g><g><\/g><g><\/g><g><\/g><g><\/g><g><\/g><g><\/g><g><\/g><g><\/g><g><\/g><g><\/g><g><\/g><g><\/g><g><\/g><g><\/g><g><\/g><\/svg><\/div>\n\t\t\t\t\t\t<\/span>\n\t\t<\/div>\n\t\t\t\t\t\t<\/div>\n\t\t\t\t<\/div>\n\t\t\t\t\t<\/div>\n\t\t<\/div>\n\t\t\t\t\t<\/div>\n\t\t<\/section>\n\t\t\t\t<section class=\"elementor-section elementor-top-section elementor-element elementor-element-cb22a1f elementor-section-boxed elementor-section-height-default elementor-section-height-default\" data-id=\"cb22a1f\" data-element_type=\"section\" data-e-type=\"section\">\n\t\t\t\t\t\t<div class=\"elementor-container elementor-column-gap-default\">\n\t\t\t\t\t<div class=\"elementor-column elementor-col-100 elementor-top-column elementor-element elementor-element-c53939a\" data-id=\"c53939a\" data-element_type=\"column\" data-e-type=\"column\">\n\t\t\t<div class=\"elementor-widget-wrap elementor-element-populated\">\n\t\t\t\t\t\t<div class=\"elementor-element elementor-element-c6e8399 elementor-widget elementor-widget-text-editor\" data-id=\"c6e8399\" data-element_type=\"widget\" data-e-type=\"widget\" data-widget_type=\"text-editor.default\">\n\t\t\t\t<div class=\"elementor-widget-container\">\n\t\t\t\t\t\t\t\t\t<div style=\"margin: 0px; padding: 0px 0px 4px; font-variant-numeric: normal; font-variant-east-asian: normal; font-weight: bold; font-stretch: normal; font-size: 24px; line-height: normal; font-family: Arial, Verdana, Helvetica, sans-serif; color: #000000; background-color: #f5f5f5;\"><span style=\"font-size: 14px; font-weight: 300;\">EQUO Reitsport GmbH<\/span><\/div><div style=\"margin: 0px; padding: 0px 0px 10px; font-variant-numeric: normal; font-variant-east-asian: normal; font-stretch: normal; line-height: normal; font-family: Arial, Verdana, Helvetica, sans-serif; color: #000000; background-color: #f5f5f5;\"><br \/>Johannesstra\u00dfe 250<br \/>45739 Oer-Erkenschwick<br \/><br \/>Tel.: +49 (0) 23 68 &#8211; 5 38 76<br \/>Fax: +49 (0) 23 68 &#8211; 5 73 98<br \/>Registergericht: Recklinghausen, HRB 2261<br \/>Ust-Ident-Nr. : DE 126 351 253<br \/><br \/>Gesch\u00e4ftsf\u00fchrung: Axel W\u00f6ckener<\/div>\t\t\t\t\t\t\t\t<\/div>\n\t\t\t\t<\/div>\n\t\t\t\t\t<\/div>\n\t\t<\/div>\n\t\t\t\t\t<\/div>\n\t\t<\/section>\n\t\t\t\t<section class=\"elementor-section elementor-top-section elementor-element elementor-element-87188c0 elementor-section-boxed elementor-section-height-default elementor-section-height-default\" data-id=\"87188c0\" data-element_type=\"section\" data-e-type=\"section\">\n\t\t\t\t\t\t<div class=\"elementor-container elementor-column-gap-default\">\n\t\t\t\t\t<div class=\"elementor-column elementor-col-100 elementor-top-column elementor-element elementor-element-4e987a4\" data-id=\"4e987a4\" data-element_type=\"column\" data-e-type=\"column\">\n\t\t\t<div class=\"elementor-widget-wrap elementor-element-populated\">\n\t\t\t\t\t\t<div class=\"elementor-element elementor-element-da6fb2f elementor-widget-divider--view-line_icon elementor-view-default elementor-widget-divider--element-align-center elementor-widget elementor-widget-divider\" data-id=\"da6fb2f\" data-element_type=\"widget\" data-e-type=\"widget\" data-widget_type=\"divider.default\">\n\t\t\t\t<div class=\"elementor-widget-container\">\n\t\t\t\t\t\t\t<div class=\"elementor-divider\">\n\t\t\t<span class=\"elementor-divider-separator\">\n\t\t\t\t\t\t\t<div class=\"elementor-icon elementor-divider__element\">\n\t\t\t\t\t<svg xmlns=\"http:\/\/www.w3.org\/2000\/svg\" xmlns:xlink=\"http:\/\/www.w3.org\/1999\/xlink\" id=\"Capa_1\" x=\"0px\" y=\"0px\" viewbox=\"0 0 512 512\" style=\"enable-background:new 0 0 512 512;\" xml:space=\"preserve\"><g>\t<g>\t\t<path d=\"M424.365,64h12.969C443.229,64,448,59.229,448,53.333V10.667C448,4.771,443.229,0,437.333,0h-59.74    c-13.948,0-27.042,6.813-35.01,18.208c-7.958,11.396-9.844,26-5.063,39.073C354.885,104.698,384,194.948,384,266.667    c0,84.24-50.24,138.667-128,138.667s-128-54.427-128-138.667c0-71.625,29.135-161.938,46.51-209.396    c4.781-13.083,2.885-27.677-5.073-39.063C161.469,6.802,148.375,0,134.427,0h-59.76C68.771,0,64,4.771,64,10.667v42.667    C64,59.229,68.771,64,74.667,64h12.969c-28.354,49.094-66.302,137.406-66.302,224c0,133.99,121.344,224,234.667,224    s234.667-90.01,234.667-224C490.667,201.406,452.719,113.094,424.365,64z M74.667,298.667C68.776,298.667,64,293.891,64,288    c0-5.892,4.776-10.667,10.667-10.667S85.333,282.108,85.333,288C85.333,293.891,80.557,298.667,74.667,298.667z M96,170.667    c-5.891,0-10.667-4.776-10.667-10.667c0-5.892,4.776-10.667,10.667-10.667s10.667,4.775,10.667,10.667    C106.667,165.891,101.891,170.667,96,170.667z M117.333,405.333c-5.891,0-10.667-4.776-10.667-10.667    c0-5.892,4.776-10.667,10.667-10.667S128,388.775,128,394.667C128,400.557,123.224,405.333,117.333,405.333z M256,469.333    c-5.891,0-10.667-4.776-10.667-10.667c0-5.892,4.776-10.667,10.667-10.667c5.891,0,10.667,4.775,10.667,10.667    C266.667,464.557,261.891,469.333,256,469.333z M394.667,405.333c-5.891,0-10.667-4.776-10.667-10.667    c0-5.892,4.776-10.667,10.667-10.667s10.667,4.775,10.667,10.667C405.333,400.557,400.557,405.333,394.667,405.333z M416,170.667    c-5.891,0-10.667-4.776-10.667-10.667c0-5.892,4.776-10.667,10.667-10.667s10.667,4.775,10.667,10.667    C426.667,165.891,421.891,170.667,416,170.667z M437.333,298.667c-5.891,0-10.667-4.776-10.667-10.667    c0-5.892,4.776-10.667,10.667-10.667S448,282.108,448,288C448,293.891,443.224,298.667,437.333,298.667z\"><\/path>\t<\/g><\/g><g><\/g><g><\/g><g><\/g><g><\/g><g><\/g><g><\/g><g><\/g><g><\/g><g><\/g><g><\/g><g><\/g><g><\/g><g><\/g><g><\/g><g><\/g><\/svg><\/div>\n\t\t\t\t\t\t<\/span>\n\t\t<\/div>\n\t\t\t\t\t\t<\/div>\n\t\t\t\t<\/div>\n\t\t\t\t\t<\/div>\n\t\t<\/div>\n\t\t\t\t\t<\/div>\n\t\t<\/section>\n\t\t\t\t<\/div>","protected":false},"excerpt":{"rendered":"<p>Impressum EQUO Reitsport GmbHJohannesstra\u00dfe 25045739 Oer-Erkenschwick Tel.: +49 (0) 23 68 &#8211; 5 38 76Fax: +49 (0) 23 68 &#8211; 5 73 98Registergericht: Recklinghausen, HRB 2261Ust-Ident-Nr. : DE 126 351 253 Gesch\u00e4ftsf\u00fchrung: Axel W\u00f6ckener<\/p>","protected":false},"author":1,"featured_media":0,"parent":0,"menu_order":0,"comment_status":"closed","ping_status":"closed","template":"page-templates\/template-pagebuilder-full-width.php","meta":{"inline_featured_image":false,"footnotes":""},"class_list":["post-377","page","type-page","status-publish","hentry"],"_links":{"self":[{"href":"https:\/\/equo-reitsport.de\/en\/wp-json\/wp\/v2\/pages\/377","targetHints":{"allow":["GET"]}}],"collection":[{"href":"https:\/\/equo-reitsport.de\/en\/wp-json\/wp\/v2\/pages"}],"about":[{"href":"https:\/\/equo-reitsport.de\/en\/wp-json\/wp\/v2\/types\/page"}],"author":[{"embeddable":true,"href":"https:\/\/equo-reitsport.de\/en\/wp-json\/wp\/v2\/users\/1"}],"replies":[{"embeddable":true,"href":"https:\/\/equo-reitsport.de\/en\/wp-json\/wp\/v2\/comments?post=377"}],"version-history":[{"count":7,"href":"https:\/\/equo-reitsport.de\/en\/wp-json\/wp\/v2\/pages\/377\/revisions"}],"predecessor-version":[{"id":538,"href":"https:\/\/equo-reitsport.de\/en\/wp-json\/wp\/v2\/pages\/377\/revisions\/538"}],"wp:attachment":[{"href":"https:\/\/equo-reitsport.de\/en\/wp-json\/wp\/v2\/media?parent=377"}],"curies":[{"name":"wp","href":"https:\/\/api.w.org\/{rel}","templated":true}]}}